{"id":52,"date":"2013-09-13T17:57:58","date_gmt":"2013-09-13T17:57:58","guid":{"rendered":"http:\/\/localhost:8888\/indalo\/?page_id=52"},"modified":"2014-01-17T03:12:31","modified_gmt":"2014-01-17T03:12:31","slug":"fibrolisis-instrumental-miofascial-ganchos","status":"publish","type":"page","link":"http:\/\/www.fisioindalo.es\/?page_id=52","title":{"rendered":"Fibrolisis Instrumental Miofascial (Ganchos)"},"content":{"rendered":"<p style=\"text-align: justify;\"><a href=\"http:\/\/www.fisioindalo.es\/pruebas\/wp-content\/uploads\/2014\/01\/fibrolisis-instrumental-miofascial.jpg\"><img loading=\"lazy\" decoding=\"async\" class=\"alignnone size-full wp-image-272\" alt=\"fibrolisis-instrumental-miofascial\" src=\"http:\/\/www.fisioindalo.es\/pruebas\/wp-content\/uploads\/2014\/01\/fibrolisis-instrumental-miofascial.jpg\" width=\"500\" height=\"209\" srcset=\"http:\/\/www.fisioindalo.es\/wp-content\/uploads\/2014\/01\/fibrolisis-instrumental-miofascial.jpg 500w, http:\/\/www.fisioindalo.es\/wp-content\/uploads\/2014\/01\/fibrolisis-instrumental-miofascial-300x125.jpg 300w\" sizes=\"(max-width: 500px) 100vw, 500px\" \/><\/a><\/p>\n<p style=\"text-align: justify;\">La fibrolisis instrumental miofascial es un m\u00e9todo de tratamiento de las algias mec\u00e1nicas del aparato locomotor por la destrucci\u00f3n de adherencias y corp\u00fasculos irritativos (dep\u00f3sitos \u00faricos o c\u00e1lcicos), mediante unos \u201cganchos\u201d de diferentes tama\u00f1os para adaptarnos a la estructura sobre la que se quiera incidir.<\/p>\n<p style=\"text-align: justify;\">A pesar del aspecto agresivo de los ganchos son totalmente soportables.<\/p>\n<p style=\"text-align: justify;\"><span style=\"line-height: 1.5em;\">Podemos utilizarla en cualquier problema mec\u00e1nico en el que no haya un buen deslizamiento entre los distintos planos musculares (tendinitis, t\u00fanel carpiano, esguinces, periostitis, pubalgias, contracturas&#8230;), a nivel vascular (problemas de retorno venoso de miembros inferiores, s\u00edndrome compartimental&#8230;) y problemas neurol\u00f3gicos consecutivos a una irritaci\u00f3n mec\u00e1nica del nervio (atrapamientos nerviosos).<\/span><\/p>\n","protected":false},"excerpt":{"rendered":"<p>La fibrolisis instrumental miofascial es un m\u00e9todo de tratamiento de las algias mec\u00e1nicas del aparato locomotor por la destrucci\u00f3n de adherencias y corp\u00fasculos irritativos (dep\u00f3sitos \u00faricos o c\u00e1lcicos), mediante unos \u201cganchos\u201d de diferentes tama\u00f1os para adaptarnos a la estructura sobre la que se quiera incidir. A pesar del aspecto agresivo de los ganchos son totalmente [&hellip;]<\/p>\n","protected":false},"author":1,"featured_media":0,"parent":19,"menu_order":10,"comment_status":"open","ping_status":"open","template":"","meta":{"footnotes":""},"class_list":["post-52","page","type-page","status-publish","hentry"],"_links":{"self":[{"href":"http:\/\/www.fisioindalo.es\/index.php?rest_route=\/wp\/v2\/pages\/52"}],"collection":[{"href":"http:\/\/www.fisioindalo.es\/index.php?rest_route=\/wp\/v2\/pages"}],"about":[{"href":"http:\/\/www.fisioindalo.es\/index.php?rest_route=\/wp\/v2\/types\/page"}],"author":[{"embeddable":true,"href":"http:\/\/www.fisioindalo.es\/index.php?rest_route=\/wp\/v2\/users\/1"}],"replies":[{"embeddable":true,"href":"http:\/\/www.fisioindalo.es\/index.php?rest_route=%2Fwp%2Fv2%2Fcomments&post=52"}],"version-history":[{"count":0,"href":"http:\/\/www.fisioindalo.es\/index.php?rest_route=\/wp\/v2\/pages\/52\/revisions"}],"up":[{"embeddable":true,"href":"http:\/\/www.fisioindalo.es\/index.php?rest_route=\/wp\/v2\/pages\/19"}],"wp:attachment":[{"href":"http:\/\/www.fisioindalo.es\/index.php?rest_route=%2Fwp%2Fv2%2Fmedia&parent=52"}],"curies":[{"name":"wp","href":"https:\/\/api.w.org\/{rel}","templated":true}]}}