{"id":50,"date":"2013-09-13T17:57:27","date_gmt":"2013-09-13T17:57:27","guid":{"rendered":"http:\/\/localhost:8888\/indalo\/?page_id=50"},"modified":"2014-01-17T03:10:51","modified_gmt":"2014-01-17T03:10:51","slug":"kinesio-taping","status":"publish","type":"page","link":"http:\/\/www.fisioindalo.es\/?page_id=50","title":{"rendered":"Kinesio Taping"},"content":{"rendered":"<p style=\"text-align: justify;\"><a href=\"http:\/\/www.fisioindalo.es\/pruebas\/wp-content\/uploads\/2014\/01\/kinesio-taping.jpg\"><img loading=\"lazy\" decoding=\"async\" class=\"alignnone size-full wp-image-269\" alt=\"kinesio-taping\" src=\"http:\/\/www.fisioindalo.es\/pruebas\/wp-content\/uploads\/2014\/01\/kinesio-taping.jpg\" width=\"500\" height=\"225\" srcset=\"http:\/\/www.fisioindalo.es\/wp-content\/uploads\/2014\/01\/kinesio-taping.jpg 500w, http:\/\/www.fisioindalo.es\/wp-content\/uploads\/2014\/01\/kinesio-taping-300x135.jpg 300w\" sizes=\"(max-width: 500px) 100vw, 500px\" \/><\/a><\/p>\n<p style=\"text-align: justify;\">Consiste en el uso de tiras el\u00e1sticas adhesivas como una modalidad innovadora y muy eficaz para el tratamiento de lesiones deportivas adem\u00e1s de ayudar a reducir el linfedema. Se aplica sobre los m\u00fasculos para reducir el dolor y la inflamaci\u00f3n, relajar los m\u00fasculos utilizados en exceso o cansados, y apoyar los m\u00fasculos en movimiento las 24 horas del d\u00eda. El tape no es restrictivo y permite todo el rango de movimiento.<\/p>\n","protected":false},"excerpt":{"rendered":"<p>Consiste en el uso de tiras el\u00e1sticas adhesivas como una modalidad innovadora y muy eficaz para el tratamiento de lesiones deportivas adem\u00e1s de ayudar a reducir el linfedema. Se aplica sobre los m\u00fasculos para reducir el dolor y la inflamaci\u00f3n, relajar los m\u00fasculos utilizados en exceso o cansados, y apoyar los m\u00fasculos en movimiento las [&hellip;]<\/p>\n","protected":false},"author":1,"featured_media":0,"parent":19,"menu_order":9,"comment_status":"open","ping_status":"open","template":"","meta":{"footnotes":""},"class_list":["post-50","page","type-page","status-publish","hentry"],"_links":{"self":[{"href":"http:\/\/www.fisioindalo.es\/index.php?rest_route=\/wp\/v2\/pages\/50"}],"collection":[{"href":"http:\/\/www.fisioindalo.es\/index.php?rest_route=\/wp\/v2\/pages"}],"about":[{"href":"http:\/\/www.fisioindalo.es\/index.php?rest_route=\/wp\/v2\/types\/page"}],"author":[{"embeddable":true,"href":"http:\/\/www.fisioindalo.es\/index.php?rest_route=\/wp\/v2\/users\/1"}],"replies":[{"embeddable":true,"href":"http:\/\/www.fisioindalo.es\/index.php?rest_route=%2Fwp%2Fv2%2Fcomments&post=50"}],"version-history":[{"count":0,"href":"http:\/\/www.fisioindalo.es\/index.php?rest_route=\/wp\/v2\/pages\/50\/revisions"}],"up":[{"embeddable":true,"href":"http:\/\/www.fisioindalo.es\/index.php?rest_route=\/wp\/v2\/pages\/19"}],"wp:attachment":[{"href":"http:\/\/www.fisioindalo.es\/index.php?rest_route=%2Fwp%2Fv2%2Fmedia&parent=50"}],"curies":[{"name":"wp","href":"https:\/\/api.w.org\/{rel}","templated":true}]}}