{"id":48,"date":"2013-09-13T17:57:04","date_gmt":"2013-09-13T17:57:04","guid":{"rendered":"http:\/\/localhost:8888\/indalo\/?page_id=48"},"modified":"2014-01-17T03:08:23","modified_gmt":"2014-01-17T03:08:23","slug":"puncion-seca","status":"publish","type":"page","link":"http:\/\/www.fisioindalo.es\/?page_id=48","title":{"rendered":"Punci\u00f3n Seca"},"content":{"rendered":"<p style=\"text-align: justify;\"><a href=\"http:\/\/www.fisioindalo.es\/pruebas\/wp-content\/uploads\/2014\/01\/puncion-seca.jpg\"><img loading=\"lazy\" decoding=\"async\" class=\"alignnone size-full wp-image-266\" alt=\"puncion-seca\" src=\"http:\/\/www.fisioindalo.es\/pruebas\/wp-content\/uploads\/2014\/01\/puncion-seca.jpg\" width=\"500\" height=\"229\" srcset=\"http:\/\/www.fisioindalo.es\/wp-content\/uploads\/2014\/01\/puncion-seca.jpg 500w, http:\/\/www.fisioindalo.es\/wp-content\/uploads\/2014\/01\/puncion-seca-300x137.jpg 300w\" sizes=\"(max-width: 500px) 100vw, 500px\" \/><\/a><\/p>\n<p style=\"text-align: justify;\">La t\u00e9cnica de Punci\u00f3n Seca o \u201cdry needling\u201d se define como la t\u00e9cnica invasiva por la cual se introduce una aguja de acupuntura en el cuerpo sin introducir sustancia alguna. Al no emplear ning\u00fan agente qu\u00edmico, se considera que este est\u00edmulo mec\u00e1nico constituye un agente f\u00edsico que permite clasificar la t\u00e9cnica como fisioterapia invasiva.<\/p>\n<p style=\"text-align: justify;\">El objetivo de la punci\u00f3n es alcanzar y eliminar un punto gatillo. Podemos definir el S\u00edndrome de Dolor Miofacial (SDM) como un trastorno no inflamatorio que se manifiesta por dolor localizado, rigidez y cuya caracter\u00edstica primordial es la presencia de puntos gatillo.<\/p>\n","protected":false},"excerpt":{"rendered":"<p>La t\u00e9cnica de Punci\u00f3n Seca o \u201cdry needling\u201d se define como la t\u00e9cnica invasiva por la cual se introduce una aguja de acupuntura en el cuerpo sin introducir sustancia alguna. Al no emplear ning\u00fan agente qu\u00edmico, se considera que este est\u00edmulo mec\u00e1nico constituye un agente f\u00edsico que permite clasificar la t\u00e9cnica como fisioterapia invasiva. El [&hellip;]<\/p>\n","protected":false},"author":1,"featured_media":0,"parent":19,"menu_order":8,"comment_status":"open","ping_status":"open","template":"","meta":{"footnotes":""},"class_list":["post-48","page","type-page","status-publish","hentry"],"_links":{"self":[{"href":"http:\/\/www.fisioindalo.es\/index.php?rest_route=\/wp\/v2\/pages\/48"}],"collection":[{"href":"http:\/\/www.fisioindalo.es\/index.php?rest_route=\/wp\/v2\/pages"}],"about":[{"href":"http:\/\/www.fisioindalo.es\/index.php?rest_route=\/wp\/v2\/types\/page"}],"author":[{"embeddable":true,"href":"http:\/\/www.fisioindalo.es\/index.php?rest_route=\/wp\/v2\/users\/1"}],"replies":[{"embeddable":true,"href":"http:\/\/www.fisioindalo.es\/index.php?rest_route=%2Fwp%2Fv2%2Fcomments&post=48"}],"version-history":[{"count":0,"href":"http:\/\/www.fisioindalo.es\/index.php?rest_route=\/wp\/v2\/pages\/48\/revisions"}],"up":[{"embeddable":true,"href":"http:\/\/www.fisioindalo.es\/index.php?rest_route=\/wp\/v2\/pages\/19"}],"wp:attachment":[{"href":"http:\/\/www.fisioindalo.es\/index.php?rest_route=%2Fwp%2Fv2%2Fmedia&parent=48"}],"curies":[{"name":"wp","href":"https:\/\/api.w.org\/{rel}","templated":true}]}}