{"id":46320,"date":"2023-12-12T13:25:19","date_gmt":"2023-12-12T12:25:19","guid":{"rendered":"http:\/\/www.fisioindalo.es\/?page_id=46320"},"modified":"2023-12-12T13:25:19","modified_gmt":"2023-12-12T12:25:19","slug":"aviso-legal","status":"publish","type":"page","link":"http:\/\/www.fisioindalo.es\/?page_id=46320","title":{"rendered":"Aviso legal"},"content":{"rendered":"\n<p>AVISO LEGAL<br>MARIANA RUIZ S\u00c1EZ se reserva el derecho de modificar cualquier tipo de informaci\u00f3n que pudiera<br>aparecer en el sitio web, sin que exista obligaci\u00f3n de preavisar o poner en conocimiento de los usuarios<br>dichas obligaciones, entendi\u00e9ndose como suficiente con la publicaci\u00f3n en el sitio web de MARIANA RUIZ<br>S\u00c1EZ<br>En cumplimiento del art\u00edculo 10 de la Ley 34\/2002, de 11 de julio, de Servicios de la Sociedad de la<br>Informaci\u00f3n y Comercio Electr\u00f3nico, a continuaci\u00f3n se exponen los datos identificativos de la empresa<br>propietaria del dominio www.fisioindalo.es:<\/p>\n\n\n\n<ol class=\"wp-block-list\">\n<li>Datos identificativos:<\/li>\n<\/ol>\n\n\n\n<p>\u2013 Nombre de dominio: www.fisioindalo.es<br>\u2013 Denominaci\u00f3n social: MARIANA RUIZ S\u00c1EZ<br>\u2013 CIF: 45587213V<br>\u2013 Domicilio social: C\/COL\u00d3N, 42. 04140 DE CARBONERAS. ALMER\u00cdA<br>\u2013 Tel\u00e9fono: 950130334<br>\u2013 E-mail: marianaruizfis@hotmail.com<\/p>\n\n\n\n<ol class=\"wp-block-list\" start=\"2\">\n<li>Derechos de propiedad intelectual e industrial:<br>El sitio web, incluyendo a t\u00edtulo enunciativo pero no limitativo su programaci\u00f3n, edici\u00f3n, compilaci\u00f3n y<br>dem\u00e1s elementos necesarios para su funcionamiento, los dise\u00f1os, logotipos, texto y\/o gr\u00e1ficos, son<br>propiedad del responsable o, si es el caso, dispone de licencia o autorizaci\u00f3n expresa por parte de los<br>autores.<br>Todos los contenidos del sitio web se encuentran debidamente protegidos por la normativa de<br>propiedad intelectual e industrial, as\u00ed como inscritos en los registros p\u00fablicos correspondientes.<br>Independientemente de la finalidad para la que fueran destinados, la reproducci\u00f3n total o parcial, uso,<br>explotaci\u00f3n, distribuci\u00f3n y comercializaci\u00f3n, requiere en todo caso de la autorizaci\u00f3n escrita previa por<br>parte del responsable. Cualquier uso no autorizado previamente se considera un incumplimiento grave<br>de los derechos de propiedad intelectual o industrial del autor. Los dise\u00f1os, logotipos, texto y\/o gr\u00e1ficos<br>ajenos al responsable y que pudieran aparecer en el sitio web, pertenecen a sus respectivos<br>propietarios, siendo ellos mismos responsables de cualquier posible controversia que pudiera suscitarse<br>respecto a los mismos. El responsable autoriza expresamente a que terceros puedan redirigir<br>directamente a los contenidos concretos del sitio web, y en todo caso redirigir al sitio web principal de<br>www.inertesguhilar.com.<\/li>\n<\/ol>\n\n\n\n<p>El responsable reconoce a favor de sus titulares los correspondientes derechos de propiedad intelectual<br>e industrial, no implicando su sola menci\u00f3n o aparici\u00f3n en el sitio web la existencia de derechos o<br>responsabilidad alguna sobre los mismos, como tampoco respaldo, patrocinio o recomendaci\u00f3n por<br>parte del mismo.<\/p>\n\n\n\n<p>Para realizar cualquier tipo de observaci\u00f3n respecto a posibles incumplimientos de los derechos de<br>propiedad intelectual o industrial, as\u00ed como sobre cualquiera de los contenidos del sitio web, puede<br>hacerlo a trav\u00e9s del correo electr\u00f3nico marianaruizfis@hotmail.com o a la siguiente direcci\u00f3n postal:<br>C\/COL\u00d3N, 42. 04140 DE CARBONERAS. ALMER\u00cdA.<\/p>\n\n\n\n<ol class=\"wp-block-list\" start=\"3\">\n<li>Navegaci\u00f3n, acceso y seguridad:<\/li>\n<\/ol>\n\n\n\n<p>El acceso, navegaci\u00f3n y utilizaci\u00f3n de esta p\u00e1gina web implica por tu parte la aceptaci\u00f3n expresa y sin<br>reservas de todos los t\u00e9rminos de la presente Pol\u00edtica de Privacidad y Protecci\u00f3n de Datos, teniendo la<br>misma validez y eficacia que cualquier contrato celebrado por escrito y firmado. En este sentido, se<br>entender\u00e1 por Usuario a la persona que acceda, navegue, utilice o participe en los servicios y<br>actividades, gratuitas u onerosas, desarrolladas en el Sitio Web.<br>El acceso, navegaci\u00f3n y utilizaci\u00f3n de este Sitio web supone la aceptaci\u00f3n expresa y sin reservas de<br>todas las advertencias legales, condiciones y t\u00e9rminos de uso contenidas en el presente Pol\u00edtica de<br>Privacidad y Protecci\u00f3n de Datos. MARIANA RUIZ S\u00c1EZ realiza los m\u00e1ximos esfuerzos para que la<br>navegaci\u00f3n se realice en las mejores condiciones y evitar los perjuicios de cualquier tipo que pudiesen<br>ocasionarse durante la misma. MARIANA RUIZ S\u00c1EZ no se responsabiliza ni garantiza que el acceso a<br>este Sitio web sea ininterrumpido o que est\u00e9 libre de error. Tampoco se responsabiliza o garantiza que<br>el contenido o software al que pueda accederse a trav\u00e9s de este Sitio web, est\u00e9 libre de error o cause un<br>da\u00f1o. En ning\u00fan caso MARIANA RUIZ S\u00c1EZ ser\u00e1 responsable por las p\u00e9rdidas, da\u00f1os o perjuicios de<br>cualquier tipo que surjan por el acceso y el uso de la p\u00e1gina Web, incluy\u00e9ndose, pero no limit\u00e1ndose, a<br>los ocasionados a los sistemas inform\u00e1ticos o los provocados por la introducci\u00f3n de virus, ni se hace<br>responsable de los da\u00f1os que pudiesen ocasionarse a los usuarios por un uso inadecuado de este Sitio<br>web. Los servicios ofertados en este Sitio web s\u00f3lo pueden ser utilizados correctamente si se cumplen<br>las especificaciones t\u00e9cnicas para las que ha sido dise\u00f1ado.<br>Queda prohibido el acceso a este Sitio Web por parte de menores de 14 a\u00f1os, salvo que cuenten con la<br>autorizaci\u00f3n previa y expresa de sus padres, tutores o representantes legales, los cuales ser\u00e1n<br>considerados como responsables de los actos que lleven a cabo los menores a su cargo, conforme a la<br>normativa vigente. En todo caso, se presumir\u00e1 que el acceso realizado por un menor al Sitio Web se ha<br>realizado con autorizaci\u00f3n previa y expresa de sus padres, tutores o representantes legales.<\/p>\n\n\n\n<ol class=\"wp-block-list\" start=\"4\">\n<li>Exenci\u00f3n de responsabilidades el responsable:<\/li>\n<\/ol>\n\n\n\n<p>Se exime de cualquier tipo de responsabilidad derivada de la informaci\u00f3n publicada en su sitio web<br>siempre que esta informaci\u00f3n haya sido manipulada o introducida por un tercero ajeno al mismo.<br>Pol\u00edtica de enlaces desde el sitio web, es posible que se redirija a contenidos de terceros sitios web.<br>Dado que el responsable no puede controlar siempre los contenidos introducidos por los terceros en sus<br>respectivos sitios web, no asume ning\u00fan tipo de responsabilidad respecto a dichos contenidos. En todo<br>caso, proceder\u00e1 a la retirada inmediata de cualquier contenido que pudiera contravenir la legislaci\u00f3n<br>nacional o internacional, la moral o el orden p\u00fablico, procediendo a la retirada inmediata de la<br>redirecci\u00f3n a dicho sitio web, poniendo en conocimiento de las autoridades competentes el contenido<br>en cuesti\u00f3n. El responsable no se hace responsable de la informaci\u00f3n y contenidos almacenados, a t\u00edtulo<br>enunciativo, pero no limitativo, en foros, chats, generadores de blogs, comentarios, redes sociales o<br>cualquier otro medio que permita a terceros publicar contenidos de forma independiente en la p\u00e1gina<br>web del responsable. Sin embargo, y en cumplimiento de lo dispuesto en los art\u00edculos 11 y 16 de la<br>LSSICE, se pone a disposici\u00f3n de todos los usuarios, autoridades y fuerzas de seguridad, colaborando de<br>forma activa en la retirada o, en su caso, bloqueo de todos aquellos contenidos que puedan afectar o<br>contravenir la legislaci\u00f3n nacional o internacional, los derechos de terceros o la moral y el orden<br>p\u00fablico. En caso de que el usuario considere que existe en el sitio web alg\u00fan contenido que pudiera ser<br>susceptible de esta clasificaci\u00f3n, se ruega lo notifique de forma inmediata al administrador del sitio web.<br>Este sitio web ha sido revisado y probado para que funcione correctamente. En principio, puede<br>garantizarse el correcto funcionamiento los 365 d\u00edas del a\u00f1o, 24 horas al d\u00eda. Sin embargo, el<\/p>\n\n\n\n<p>responsable no descarta la posibilidad de que existan ciertos errores de programaci\u00f3n, o que<br>acontezcan causas de fuerza mayor, cat\u00e1strofes naturales, huelgas o circunstancias semejantes que<br>hagan imposible el acceso a la p\u00e1gina web.<\/p>\n\n\n\n<ol class=\"wp-block-list\" start=\"5\">\n<li>Condiciones adicionales:<br>El usuario que introduce los datos, es el responsable \u00fanico y final de la veracidad de la informaci\u00f3n<br>suministrada en el servicio y en las modificaciones de los mismos que pueda realizar hasta la finalizaci\u00f3n<br>del mismo.<\/li>\n\n\n\n<li>Actualizaci\u00f3n y modificaci\u00f3n de la informaci\u00f3n:<\/li>\n<\/ol>\n\n\n\n<p>La informaci\u00f3n que aparece en este sitio web es la vigente en la fecha de su \u00faltima actualizaci\u00f3n.<br>MARIANA RUIZ S\u00c1EZ se reserva el derecho a actualizar, modificar o eliminar la informaci\u00f3n de este sitio<br>web, pudiendo limitar o no permitir el acceso al mismo. No se podr\u00e1 alterar, cambiar, modificar, o<br>adaptar este sitio web. Sin embargo, MARIANA RUIZ S\u00c1EZ se reserva la facultad de efectuar, en<br>cualquier momento, cuantos cambios y modificaciones estime convenientes, pudiendo hacer uso de tal<br>facultad en cualquier momento y sin previo aviso.<\/p>\n\n\n\n<ol class=\"wp-block-list\" start=\"7\">\n<li>Ley aplicable y jurisdicci\u00f3n:<br>Las presentes Condiciones se regir\u00e1n e interpretar\u00e1n de acuerdo con la legislaci\u00f3n com\u00fan espa\u00f1ola. Para<br>cuantas cuestiones pudieran surgir sobre la interpretaci\u00f3n, cumplimiento, rescisi\u00f3n o resoluci\u00f3n de las<br>Condiciones Generales, las Partes se someten a la jurisdicci\u00f3n y competencia de los Juzgados y<br>Tribunales de la ciudad de CARBONERAS. No obstante, lo anterior, de conformidad con la legislaci\u00f3n<br>espa\u00f1ola, para cuantas cuestiones pudieran surgir en relaci\u00f3n con estas Condiciones Generales ser\u00e1n<br>competentes los juzgados y tribunales del domicilio que resulte de aplicaci\u00f3n, de conformidad con el<br>art\u00edculo 52 de la Ley de Enjuiciamiento Civil o norma sustitutiva aplicable en cada momento.<\/li>\n<\/ol>\n","protected":false},"excerpt":{"rendered":"<p>AVISO LEGALMARIANA RUIZ S\u00c1EZ se reserva el derecho de modificar cualquier tipo de informaci\u00f3n que pudieraaparecer en el sitio web, sin que exista obligaci\u00f3n de preavisar o poner en conocimiento de los usuariosdichas obligaciones, entendi\u00e9ndose como suficiente con la publicaci\u00f3n en el sitio web de MARIANA RUIZS\u00c1EZEn cumplimiento del art\u00edculo 10 de la Ley 34\/2002, [&hellip;]<\/p>\n","protected":false},"author":1,"featured_media":0,"parent":0,"menu_order":0,"comment_status":"closed","ping_status":"closed","template":"","meta":{"footnotes":""},"class_list":["post-46320","page","type-page","status-publish","hentry"],"_links":{"self":[{"href":"http:\/\/www.fisioindalo.es\/index.php?rest_route=\/wp\/v2\/pages\/46320"}],"collection":[{"href":"http:\/\/www.fisioindalo.es\/index.php?rest_route=\/wp\/v2\/pages"}],"about":[{"href":"http:\/\/www.fisioindalo.es\/index.php?rest_route=\/wp\/v2\/types\/page"}],"author":[{"embeddable":true,"href":"http:\/\/www.fisioindalo.es\/index.php?rest_route=\/wp\/v2\/users\/1"}],"replies":[{"embeddable":true,"href":"http:\/\/www.fisioindalo.es\/index.php?rest_route=%2Fwp%2Fv2%2Fcomments&post=46320"}],"version-history":[{"count":2,"href":"http:\/\/www.fisioindalo.es\/index.php?rest_route=\/wp\/v2\/pages\/46320\/revisions"}],"predecessor-version":[{"id":46322,"href":"http:\/\/www.fisioindalo.es\/index.php?rest_route=\/wp\/v2\/pages\/46320\/revisions\/46322"}],"wp:attachment":[{"href":"http:\/\/www.fisioindalo.es\/index.php?rest_route=%2Fwp%2Fv2%2Fmedia&parent=46320"}],"curies":[{"name":"wp","href":"https:\/\/api.w.org\/{rel}","templated":true}]}}