{"id":41,"date":"2013-09-13T17:53:49","date_gmt":"2013-09-13T17:53:49","guid":{"rendered":"http:\/\/localhost:8888\/indalo\/?page_id=41"},"modified":"2014-03-05T20:22:44","modified_gmt":"2014-03-05T20:22:44","slug":"drenaje-linfatico-manual","status":"publish","type":"page","link":"http:\/\/www.fisioindalo.es\/?page_id=41","title":{"rendered":"Drenaje Linf\u00e1tico Manual"},"content":{"rendered":"<div>\n<div style=\"text-align: justify;\"><a href=\"http:\/\/www.fisioindalo.es\/pruebas\/wp-content\/uploads\/2014\/01\/drenaje-linfatico-manual.jpg\"><img loading=\"lazy\" decoding=\"async\" class=\"alignnone size-full wp-image-249\" alt=\"drenaje-linfatico-manual\" src=\"http:\/\/www.fisioindalo.es\/pruebas\/wp-content\/uploads\/2014\/01\/drenaje-linfatico-manual.jpg\" width=\"600\" height=\"355\" srcset=\"http:\/\/www.fisioindalo.es\/wp-content\/uploads\/2014\/01\/drenaje-linfatico-manual.jpg 600w, http:\/\/www.fisioindalo.es\/wp-content\/uploads\/2014\/01\/drenaje-linfatico-manual-300x177.jpg 300w\" sizes=\"(max-width: 600px) 100vw, 600px\" \/><\/a><\/div>\n<div style=\"text-align: justify;\">La t\u00e9cnica del Drenaje Linf\u00e1tico Manual (DLM) consiste en la activaci\u00f3n manual del transporte l\u00edquido intersticial a trav\u00e9s de los canales prelinf\u00e1ticos y de la linfa, a trav\u00e9s de vasos linf\u00e1ticos. Lo que se busca con el DLM es reproducir de forma manual aquellos movimientos que por alguna raz\u00f3n el sistema linf\u00e1tico ya no puede hacer por s\u00ed mismo.<br \/>\nEl sistema linf\u00e1tico es uno de los m\u00e1s importantes del cuerpo, por todas las funciones que realiza a favor de la limpieza y la defensa del organismo.<br \/>\nEst\u00e1 considerado como parte del sistema circulatorio, y transporta un l\u00edquido llamado linfa, que se forma por el exceso de l\u00edquido en circulaci\u00f3n. Adem\u00e1s posee importantes funciones inmunitarias y de transporte de nutrientes.<\/div>\n<\/div>\n<p style=\"text-align: justify;\">Se llama edema linf\u00e1tico a la acumulaci\u00f3n de linfa en el tejido celular subcut\u00e1neo por la obstrucci\u00f3n de los canales linf\u00e1ticos. Obedece por lo general a un fallo o a una insuficiencia en el sistema linf\u00e1tico, y trae como consecuencia el aumento del volumen de las extremidades y la desaparici\u00f3n de los relieves que se aprecian por debajo de la piel.<\/p>\n","protected":false},"excerpt":{"rendered":"<p>La t\u00e9cnica del Drenaje Linf\u00e1tico Manual (DLM) consiste en la activaci\u00f3n manual del transporte l\u00edquido intersticial a trav\u00e9s de los canales prelinf\u00e1ticos y de la linfa, a trav\u00e9s de vasos linf\u00e1ticos. Lo que se busca con el DLM es reproducir de forma manual aquellos movimientos que por alguna raz\u00f3n el sistema linf\u00e1tico ya no puede [&hellip;]<\/p>\n","protected":false},"author":1,"featured_media":0,"parent":19,"menu_order":5,"comment_status":"open","ping_status":"open","template":"","meta":{"footnotes":""},"class_list":["post-41","page","type-page","status-publish","hentry"],"_links":{"self":[{"href":"http:\/\/www.fisioindalo.es\/index.php?rest_route=\/wp\/v2\/pages\/41"}],"collection":[{"href":"http:\/\/www.fisioindalo.es\/index.php?rest_route=\/wp\/v2\/pages"}],"about":[{"href":"http:\/\/www.fisioindalo.es\/index.php?rest_route=\/wp\/v2\/types\/page"}],"author":[{"embeddable":true,"href":"http:\/\/www.fisioindalo.es\/index.php?rest_route=\/wp\/v2\/users\/1"}],"replies":[{"embeddable":true,"href":"http:\/\/www.fisioindalo.es\/index.php?rest_route=%2Fwp%2Fv2%2Fcomments&post=41"}],"version-history":[{"count":0,"href":"http:\/\/www.fisioindalo.es\/index.php?rest_route=\/wp\/v2\/pages\/41\/revisions"}],"up":[{"embeddable":true,"href":"http:\/\/www.fisioindalo.es\/index.php?rest_route=\/wp\/v2\/pages\/19"}],"wp:attachment":[{"href":"http:\/\/www.fisioindalo.es\/index.php?rest_route=%2Fwp%2Fv2%2Fmedia&parent=41"}],"curies":[{"name":"wp","href":"https:\/\/api.w.org\/{rel}","templated":true}]}}