{"id":39,"date":"2013-09-13T17:53:24","date_gmt":"2013-09-13T17:53:24","guid":{"rendered":"http:\/\/localhost:8888\/indalo\/?page_id=39"},"modified":"2014-01-17T02:52:15","modified_gmt":"2014-01-17T02:52:15","slug":"posturologia","status":"publish","type":"page","link":"http:\/\/www.fisioindalo.es\/?page_id=39","title":{"rendered":"Posturologia"},"content":{"rendered":"<p style=\"text-align: justify;\"><a href=\"http:\/\/www.fisioindalo.es\/pruebas\/wp-content\/uploads\/2014\/01\/posturologia2.jpg\"><img loading=\"lazy\" decoding=\"async\" class=\"alignnone size-full wp-image-250\" alt=\"posturologia2\" src=\"http:\/\/www.fisioindalo.es\/pruebas\/wp-content\/uploads\/2014\/01\/posturologia2.jpg\" width=\"500\" height=\"241\" srcset=\"http:\/\/www.fisioindalo.es\/wp-content\/uploads\/2014\/01\/posturologia2.jpg 500w, http:\/\/www.fisioindalo.es\/wp-content\/uploads\/2014\/01\/posturologia2-300x144.jpg 300w\" sizes=\"(max-width: 500px) 100vw, 500px\" \/><\/a><\/p>\n<p style=\"text-align: justify;\"><span style=\"line-height: 1.5em;\">La Posturolog\u00eda es la ciencia que estudia y mide el equilibrio est\u00e1tico &#8211; postural de nuestro cuerpo.<\/span><\/p>\n<p style=\"text-align: justify;\">Seg\u00fan criterios mec\u00e1nicos la postura ideal se define como la que utiliza la m\u00ednima tensi\u00f3n y rigidez, y permite la m\u00e1xima eficacia.<\/p>\n<p style=\"text-align: justify;\">Y permite a la vez un gasto de energ\u00eda m\u00ednimo. Es aquella que para permitir una funci\u00f3n articular eficaz, necesita flexibilidad suficiente en las articulaciones de carga para que la alineaci\u00f3n sea buena, est\u00e1 asociada a una buena coordinaci\u00f3n, a los gestos elegantes y, a la sensaci\u00f3n de bienestar.<\/p>\n<p><span style=\"text-align: justify;\">El m\u00e9todo que seguimos en nuestro centro es el creado por el oste\u00f3pata franc\u00e9s L. Busquet.<\/span><\/p>\n","protected":false},"excerpt":{"rendered":"<p>La Posturolog\u00eda es la ciencia que estudia y mide el equilibrio est\u00e1tico &#8211; postural de nuestro cuerpo. Seg\u00fan criterios mec\u00e1nicos la postura ideal se define como la que utiliza la m\u00ednima tensi\u00f3n y rigidez, y permite la m\u00e1xima eficacia. Y permite a la vez un gasto de energ\u00eda m\u00ednimo. Es aquella que para permitir una [&hellip;]<\/p>\n","protected":false},"author":1,"featured_media":0,"parent":19,"menu_order":4,"comment_status":"open","ping_status":"open","template":"","meta":{"footnotes":""},"class_list":["post-39","page","type-page","status-publish","hentry"],"_links":{"self":[{"href":"http:\/\/www.fisioindalo.es\/index.php?rest_route=\/wp\/v2\/pages\/39"}],"collection":[{"href":"http:\/\/www.fisioindalo.es\/index.php?rest_route=\/wp\/v2\/pages"}],"about":[{"href":"http:\/\/www.fisioindalo.es\/index.php?rest_route=\/wp\/v2\/types\/page"}],"author":[{"embeddable":true,"href":"http:\/\/www.fisioindalo.es\/index.php?rest_route=\/wp\/v2\/users\/1"}],"replies":[{"embeddable":true,"href":"http:\/\/www.fisioindalo.es\/index.php?rest_route=%2Fwp%2Fv2%2Fcomments&post=39"}],"version-history":[{"count":0,"href":"http:\/\/www.fisioindalo.es\/index.php?rest_route=\/wp\/v2\/pages\/39\/revisions"}],"up":[{"embeddable":true,"href":"http:\/\/www.fisioindalo.es\/index.php?rest_route=\/wp\/v2\/pages\/19"}],"wp:attachment":[{"href":"http:\/\/www.fisioindalo.es\/index.php?rest_route=%2Fwp%2Fv2%2Fmedia&parent=39"}],"curies":[{"name":"wp","href":"https:\/\/api.w.org\/{rel}","templated":true}]}}