{"id":37,"date":"2013-09-13T17:53:02","date_gmt":"2013-09-13T17:53:02","guid":{"rendered":"http:\/\/localhost:8888\/indalo\/?page_id=37"},"modified":"2014-01-17T02:50:37","modified_gmt":"2014-01-17T02:50:37","slug":"terapia-miofascial","status":"publish","type":"page","link":"http:\/\/www.fisioindalo.es\/?page_id=37","title":{"rendered":"Terapia Miofascial"},"content":{"rendered":"<p style=\"text-align: justify;\"><a href=\"http:\/\/www.fisioindalo.es\/pruebas\/wp-content\/uploads\/2014\/01\/terapia-miofascial.jpg\"><img loading=\"lazy\" decoding=\"async\" class=\"alignnone size-full wp-image-251\" alt=\"terapia-miofascial\" src=\"http:\/\/www.fisioindalo.es\/pruebas\/wp-content\/uploads\/2014\/01\/terapia-miofascial.jpg\" width=\"500\" height=\"225\" srcset=\"http:\/\/www.fisioindalo.es\/wp-content\/uploads\/2014\/01\/terapia-miofascial.jpg 500w, http:\/\/www.fisioindalo.es\/wp-content\/uploads\/2014\/01\/terapia-miofascial-300x135.jpg 300w\" sizes=\"(max-width: 500px) 100vw, 500px\" \/><\/a><\/p>\n<p style=\"text-align: justify;\">La Terapia Miofascial forma una importante parte de la extensa familia de Terapias Manuales, con gran auge en el mundo de la Fisioterapia en los \u00faltimos a\u00f1os. Los traumatismos (fracturas, golpes, operaciones, esguinces&#8230;) dejan cicatrices internas o externas en el aparato locomotor. Estas cicatrices alteran el movimiento, generan dolor, y suponen cambios mec\u00e1nicos que predisponen a sufrir futuras lesiones.<\/p>\n<p style=\"text-align: justify;\">La Inducci\u00f3n Miofascial es un m\u00e9todo de evaluaci\u00f3n y tratamiento tridimensional, donde el fisioterapeuta utiliza suaves estiramientos y presiones sostenidas para lograr cambios en la red tridimensional que conforma la fascia. Un tejido hasta ahora olvidado en los tratamientos conservadores de Fisioterapia, que posee unas extraordinarias propiedades en m\u00faltiples funciones org\u00e1nicas, como por ejemplo sost\u00e9n y estabilidad, el mantenimiento de la integridad anat\u00f3mica del cuerpo corre a cargo del sistema miofascial.<\/p>\n","protected":false},"excerpt":{"rendered":"<p>La Terapia Miofascial forma una importante parte de la extensa familia de Terapias Manuales, con gran auge en el mundo de la Fisioterapia en los \u00faltimos a\u00f1os. Los traumatismos (fracturas, golpes, operaciones, esguinces&#8230;) dejan cicatrices internas o externas en el aparato locomotor. Estas cicatrices alteran el movimiento, generan dolor, y suponen cambios mec\u00e1nicos que predisponen [&hellip;]<\/p>\n","protected":false},"author":1,"featured_media":0,"parent":19,"menu_order":3,"comment_status":"open","ping_status":"open","template":"","meta":{"footnotes":""},"class_list":["post-37","page","type-page","status-publish","hentry"],"_links":{"self":[{"href":"http:\/\/www.fisioindalo.es\/index.php?rest_route=\/wp\/v2\/pages\/37"}],"collection":[{"href":"http:\/\/www.fisioindalo.es\/index.php?rest_route=\/wp\/v2\/pages"}],"about":[{"href":"http:\/\/www.fisioindalo.es\/index.php?rest_route=\/wp\/v2\/types\/page"}],"author":[{"embeddable":true,"href":"http:\/\/www.fisioindalo.es\/index.php?rest_route=\/wp\/v2\/users\/1"}],"replies":[{"embeddable":true,"href":"http:\/\/www.fisioindalo.es\/index.php?rest_route=%2Fwp%2Fv2%2Fcomments&post=37"}],"version-history":[{"count":0,"href":"http:\/\/www.fisioindalo.es\/index.php?rest_route=\/wp\/v2\/pages\/37\/revisions"}],"up":[{"embeddable":true,"href":"http:\/\/www.fisioindalo.es\/index.php?rest_route=\/wp\/v2\/pages\/19"}],"wp:attachment":[{"href":"http:\/\/www.fisioindalo.es\/index.php?rest_route=%2Fwp%2Fv2%2Fmedia&parent=37"}],"curies":[{"name":"wp","href":"https:\/\/api.w.org\/{rel}","templated":true}]}}