{"id":30,"date":"2013-09-13T17:49:14","date_gmt":"2013-09-13T17:49:14","guid":{"rendered":"http:\/\/localhost:8888\/indalo\/?page_id=30"},"modified":"2014-01-17T02:36:27","modified_gmt":"2014-01-17T02:36:27","slug":"pediatrica","status":"publish","type":"page","link":"http:\/\/www.fisioindalo.es\/?page_id=30","title":{"rendered":"Pedi\u00e1trica"},"content":{"rendered":"<p style=\"text-align: justify;\"><a href=\"http:\/\/www.fisioindalo.es\/pruebas\/wp-content\/uploads\/2014\/01\/osteopatia-pediatrica.jpg\"><img loading=\"lazy\" decoding=\"async\" class=\"alignnone size-full wp-image-243\" alt=\"osteopatia-pediatrica\" src=\"http:\/\/www.fisioindalo.es\/pruebas\/wp-content\/uploads\/2014\/01\/osteopatia-pediatrica.jpg\" width=\"500\" height=\"200\" srcset=\"http:\/\/www.fisioindalo.es\/wp-content\/uploads\/2014\/01\/osteopatia-pediatrica.jpg 500w, http:\/\/www.fisioindalo.es\/wp-content\/uploads\/2014\/01\/osteopatia-pediatrica-300x120.jpg 300w\" sizes=\"(max-width: 500px) 100vw, 500px\" \/><\/a><\/p>\n<p style=\"text-align: justify;\">La Osteopat\u00eda pedi\u00e1trica ofrece un tratamiento alternativo y natural de algunos problemas de salud del beb\u00e9, cuyo origen asienta simplemente en tensiones del tejido blando del beb\u00e9 (fascia, m\u00fasculos, ligamentos&#8230;), o en alguna articulaci\u00f3n con restricci\u00f3n de movilidad por sufrir alg\u00fan tipo de compresi\u00f3n.<br \/>\nUna de nuestras especialidades es el tratamiento del C\u00f3lico del lactante:<\/p>\n<p style=\"text-align: justify;\">En el mecanismo del parto, las presiones que recibe el cr\u00e1neo del feto durante su descenso por el canal del parto son m\u00faltiples. Suponen un estr\u00e9s traum\u00e1tico para el sistema de uni\u00f3n entre los huesos. Este sistema de uni\u00f3n constituido por las suturas interarticulares entre los huesos del cr\u00e1neo, asegurar\u00e1 la micromovilidad de los mismos. El hueso occipital, para poner un ejemplo, en el momento del parto est\u00e1 compuesto por cuatro huesos que deber\u00e1n encajar para formar un hueso \u00fanico.<br \/>\nEl nervio neumog\u00e1strico y el nervio glosofar\u00edngeo son nervios que participan en la regulaci\u00f3n de la funci\u00f3n digestiva y del buen funcionamiento de la lengua. Deben pasar por un orificio concreto que se encuentra en la base del cr\u00e1neo (agujero rasgado posterior). Con la expulsi\u00f3n, las suturas pueden quedar comprimidas temporalmente o de forma m\u00e1s persistente, dificultando as\u00ed el buen funcionamiento neurol\u00f3gico de los nervios implicados.<\/p>\n<p style=\"text-align: justify;\">El tratamiento osteop\u00e1tico se basa en maniobras manuales muy suaves, aplicadas en el cr\u00e1neo del beb\u00e9, con las que se detectar\u00e1 el tejido da\u00f1ado y se tratar\u00e1 con una suave presi\u00f3n hasta conseguir el cambio tisular que favorecer\u00e1 la funci\u00f3n neurol\u00f3gica. Y tambi\u00e9n se aplican maniobras de inhibici\u00f3n en puntos viscerales con restricci\u00f3n. Se realizar\u00e1n varias sesiones (una media de tres), dependiendo de cada caso, hasta la remisi\u00f3n de los s\u00edntomas.<br \/>\nEst\u00e1 indicada tambi\u00e9n en:<\/p>\n<ul style=\"text-align: justify;\">\n<li>Plagiocefalias y deformaciones del cr\u00e1neo.<\/li>\n<li>Revisi\u00f3n post-parto: despu\u00e9s de parto normal o parto con sufrimiento fetal, ces\u00e1rea, ventosas, f\u00f3rceps.<\/li>\n<li>Ayudante en problemas oculares.<\/li>\n<li>Estre\u00f1imiento disfuncional, diarreas, reflujo gastroesof\u00e1gico.<\/li>\n<li><span style=\"line-height: 1.5em;\">Alteraciones del aparato locomotor: Desviaciones de columna, escoliosis, tort\u00edcolis cong\u00e9nito, disfunciones en pies.<\/span><\/li>\n<li>Problemas de comportamiento y adaptaci\u00f3n, insomnio, irritabilidad, hiperactividad.<\/li>\n<\/ul>\n<p style=\"text-align: justify;\">El objetivo es devolver al organismo la movilidad tanto de estructuras \u00f3seas como de partes blandas. As\u00ed, el terapeuta aplica, con sus manos, t\u00e9cnicas suaves y muy delicadas, sobre la cabeza, columna vertebral, pelvis, etc. del beb\u00e9, para devolver el equilibrio fisiol\u00f3gico necesario para que estas funciones no se vean alteradas.<\/p>\n<p style=\"text-align: justify;\">Existen casos en los que es particularmente recomendable acudir a una primera consulta osteop\u00e1tica, entre ellos, embarazos gemelares, ces\u00e1reas, partos de nalgas y pod\u00e1licos, f\u00f3rceps, ventosas, beb\u00e9s prematuros&#8230; por el alto \u00edndice de traumatismos que pueden sufrir los beb\u00e9s en estas situaciones.<\/p>\n","protected":false},"excerpt":{"rendered":"<p>La Osteopat\u00eda pedi\u00e1trica ofrece un tratamiento alternativo y natural de algunos problemas de salud del beb\u00e9, cuyo origen asienta simplemente en tensiones del tejido blando del beb\u00e9 (fascia, m\u00fasculos, ligamentos&#8230;), o en alguna articulaci\u00f3n con restricci\u00f3n de movilidad por sufrir alg\u00fan tipo de compresi\u00f3n. Una de nuestras especialidades es el tratamiento del C\u00f3lico del lactante: [&hellip;]<\/p>\n","protected":false},"author":1,"featured_media":0,"parent":26,"menu_order":2,"comment_status":"open","ping_status":"open","template":"","meta":{"footnotes":""},"class_list":["post-30","page","type-page","status-publish","hentry"],"_links":{"self":[{"href":"http:\/\/www.fisioindalo.es\/index.php?rest_route=\/wp\/v2\/pages\/30"}],"collection":[{"href":"http:\/\/www.fisioindalo.es\/index.php?rest_route=\/wp\/v2\/pages"}],"about":[{"href":"http:\/\/www.fisioindalo.es\/index.php?rest_route=\/wp\/v2\/types\/page"}],"author":[{"embeddable":true,"href":"http:\/\/www.fisioindalo.es\/index.php?rest_route=\/wp\/v2\/users\/1"}],"replies":[{"embeddable":true,"href":"http:\/\/www.fisioindalo.es\/index.php?rest_route=%2Fwp%2Fv2%2Fcomments&post=30"}],"version-history":[{"count":0,"href":"http:\/\/www.fisioindalo.es\/index.php?rest_route=\/wp\/v2\/pages\/30\/revisions"}],"up":[{"embeddable":true,"href":"http:\/\/www.fisioindalo.es\/index.php?rest_route=\/wp\/v2\/pages\/26"}],"wp:attachment":[{"href":"http:\/\/www.fisioindalo.es\/index.php?rest_route=%2Fwp%2Fv2%2Fmedia&parent=30"}],"curies":[{"name":"wp","href":"https:\/\/api.w.org\/{rel}","templated":true}]}}