{"id":19,"date":"2013-09-10T16:37:12","date_gmt":"2013-09-10T16:37:12","guid":{"rendered":"http:\/\/localhost:8888\/indalo\/?page_id=19"},"modified":"2014-01-14T17:22:36","modified_gmt":"2014-01-14T17:22:36","slug":"tratamientos","status":"publish","type":"page","link":"http:\/\/www.fisioindalo.es\/?page_id=19","title":{"rendered":"Tratamientos"},"content":{"rendered":"<p style=\"text-align: justify;\">Nuestro equipo atesora un amplio cat\u00e1logo de t\u00e9cnicas que aplicaremos en funci\u00f3n de las necesidades espec\u00edficas de cada paciente. En los tratamientos se da una especial importancia a la terapia manual, aunque tambi\u00e9n contamos con m\u00e1quinas para complementar los tratamientos siempre que sea necesario.<\/p>\n","protected":false},"excerpt":{"rendered":"<p>Nuestro equipo atesora un amplio cat\u00e1logo de t\u00e9cnicas que aplicaremos en funci\u00f3n de las necesidades espec\u00edficas de cada paciente. En los tratamientos se da una especial importancia a la terapia manual, aunque tambi\u00e9n contamos con m\u00e1quinas para complementar los tratamientos siempre que sea necesario.<\/p>\n","protected":false},"author":1,"featured_media":0,"parent":0,"menu_order":2,"comment_status":"open","ping_status":"open","template":"","meta":{"footnotes":""},"class_list":["post-19","page","type-page","status-publish","hentry"],"_links":{"self":[{"href":"http:\/\/www.fisioindalo.es\/index.php?rest_route=\/wp\/v2\/pages\/19"}],"collection":[{"href":"http:\/\/www.fisioindalo.es\/index.php?rest_route=\/wp\/v2\/pages"}],"about":[{"href":"http:\/\/www.fisioindalo.es\/index.php?rest_route=\/wp\/v2\/types\/page"}],"author":[{"embeddable":true,"href":"http:\/\/www.fisioindalo.es\/index.php?rest_route=\/wp\/v2\/users\/1"}],"replies":[{"embeddable":true,"href":"http:\/\/www.fisioindalo.es\/index.php?rest_route=%2Fwp%2Fv2%2Fcomments&post=19"}],"version-history":[{"count":0,"href":"http:\/\/www.fisioindalo.es\/index.php?rest_route=\/wp\/v2\/pages\/19\/revisions"}],"wp:attachment":[{"href":"http:\/\/www.fisioindalo.es\/index.php?rest_route=%2Fwp%2Fv2%2Fmedia&parent=19"}],"curies":[{"name":"wp","href":"https:\/\/api.w.org\/{rel}","templated":true}]}}